{"id":645,"date":"2023-09-01T20:04:53","date_gmt":"2023-09-01T20:04:53","guid":{"rendered":"https:\/\/brabeck.de\/?page_id=645"},"modified":"2025-11-25T08:51:55","modified_gmt":"2025-11-25T08:51:55","slug":"vortrag","status":"publish","type":"page","link":"https:\/\/brabeck.de\/?page_id=645","title":{"rendered":"Vortr\u00e4ge"},"content":{"rendered":"\t\t<div data-elementor-type=\"wp-page\" data-elementor-id=\"645\" class=\"elementor elementor-645\">\n\t\t\t\t\t\t<section class=\"elementor-section elementor-top-section elementor-element elementor-element-1294eb35 elementor-section-boxed elementor-section-height-default elementor-section-height-default\" data-id=\"1294eb35\" data-element_type=\"section\" data-e-type=\"section\">\n\t\t\t\t\t\t<div class=\"elementor-container elementor-column-gap-default\">\n\t\t\t\t\t<div class=\"elementor-column elementor-col-100 elementor-top-column elementor-element elementor-element-367152f4\" data-id=\"367152f4\" data-element_type=\"column\" data-e-type=\"column\">\n\t\t\t<div class=\"elementor-widget-wrap elementor-element-populated\">\n\t\t\t\t\t\t<div class=\"elementor-element elementor-element-32e35e7e elementor-widget elementor-widget-text-editor\" data-id=\"32e35e7e\" data-element_type=\"widget\" data-e-type=\"widget\" data-widget_type=\"text-editor.default\">\n\t\t\t\t<div class=\"elementor-widget-container\">\n\t\t\t\t\t\t\t\t\t<p style=\"text-align: center;\"><span style=\"color: #0000ff; font-size: 24pt;\"><strong>1. COMPACT-VORTR\u00c4GE<\/strong><\/span><\/p>\n<p><strong><span style=\"font-size: 14pt; color: #0000ff;\">Unser Anspruch: Die Kunst des guten Lebens systematisch zu beleuchten. <\/span><\/strong><strong><span style=\"font-size: 14pt; color: #0000ff;\">Diese Veranstaltung verkn\u00fcpft wissenschaftliche Erkenntnisse aus Psychologie, Medizin, <\/span><\/strong><strong><span style=\"font-size: 14pt; color: #0000ff;\">Soziologie und weiteren Lebenswissenschaften.&nbsp;<\/span><\/strong><\/p>\n<p><strong><span style=\"font-size: 14pt; color: #0000ff;\">Im Zentrum stehen zwei Schl\u00fcsselkonzepte: Lifedesign und Lifemanagement.<\/span><\/strong><\/p>\n<p><strong style=\"font-size: 1rem;\"><span style=\"font-size: 14pt; color: #0000ff;\">Lifedesign beantwortet die Frage, <em>WAS<\/em> ein erf\u00fclltes Leben ausmacht \u2013 insbesondere werden Visionen und Bed\u00fcrfnisse, Sinnorientierung und Leitbild, Selbstmanagement und&nbsp;<\/span><\/strong><strong style=\"font-size: 1rem;\"><span style=\"font-size: 14pt; color: #0000ff;\">Kompetenzaufbau thematisiert.<\/span><\/strong><\/p>\n<p><strong><span style=\"font-size: 14pt; color: #0000ff;\">Lifemanagement konzentriert sich auf das <em>WIE<\/em>, auf die konkrete Umsetzung.<\/span><\/strong><\/p>\n<p><strong><span style=\"font-size: 14pt; color: #0000ff;\">Diskutiert werden nicht oberfl\u00e4chliche Lifestyle-Trends oder die Inszenierung eines \u201eLuxusk\u00f6rpers\u201c, sondern Instrumente f\u00fcr ein strukturiertes, authentisches und sehr gesundes Leben, das pers\u00f6nliche St\u00e4rken, Ziele und Werte konsequent integriert.<\/span><\/strong><\/p>\n<p><strong><span style=\"font-size: 14pt; color: #0000ff;\">Augenf\u00e4llig wird gezeigt, dass Gl\u00fcck und Lebensqualit\u00e4t kaum von Konsum, Statussymbolen und weiteren \u00e4u\u00dferen Faktoren abh\u00e4ngen, sondern von inneren Ressourcen: vor allem von Resilienz und Authentizit\u00e4t, Neugier und emotionaler Intelligenz sowie Altruismus.<\/span><\/strong><\/p>\n<p><strong><span style=\"font-size: 14pt; color: #0000ff;\">Pr\u00e4sentiert werden auch zahlreiche aktuelle Forschungsergebnisse (etwa zur U-f\u00f6rmigen Gl\u00fcckskurve im Lebensverlauf oder zu den neurobiologischen Grundlagen von Flow und Stressbew\u00e4ltigung) \u2013 \u00fcbersetzt in klare, praxisorientierte Empfehlungen.<\/span><\/strong><\/p>\n<p><strong><span style=\"font-size: 14pt; color: #0000ff;\">Inhaltliche Schwerpunkte:<\/span><\/strong><\/p>\n<ul>\n<li><strong><span style=\"font-size: 14pt; color: #0000ff;\">Happiness: Was macht uns wirklich gl\u00fccklich, und wie unterscheiden sich Gl\u00fcck,&nbsp;<\/span><\/strong><strong><span style=\"font-size: 14pt; color: #0000ff;\">Lebensfreude, Wohlbefinden und tiefere Zufriedenheit?<\/span><\/strong><\/li>\n<li><strong><span style=\"font-size: 14pt; color: #0000ff;\">Lifeprogramming: Welche Rolle spielen Charakter, Kognition, Resilienz und unsere&nbsp;<\/span><\/strong><strong><span style=\"font-size: 14pt; color: #0000ff;\">pers\u00f6nliche, unsere genetische \u201eSoftware\u201c f\u00fcr unsere Lebensf\u00fchrung?<\/span><\/strong><\/li>\n<li><strong><span style=\"font-size: 14pt; color: #0000ff;\">Life-Tools: Von Selbst- und Zeitmanagement \u00fcber digitale Entschleunigung bis hin zu Schlafrhythmus und Zielarchitektur.<\/span><\/strong><\/li>\n<li><strong><span style=\"font-size: 14pt; color: #0000ff;\">Flow und Sinn: Wie gelingen Hingabe, Begeisterung und nachhaltiges Engagement?<\/span><\/strong><\/li>\n<li><strong><span style=\"font-size: 14pt; color: #0000ff;\">Gesundheit und Lebensstil: Ern\u00e4hrung, Bewegung, Stressmanagement sowie mentale Flexibilit\u00e4t.<\/span><\/strong><\/li>\n<li><strong><span style=\"font-size: 14pt; color: #0000ff;\">Navigation im Alltag: Dankbarkeit, Optimismus, Spiritualit\u00e4t, Netzwerke \u2013 die klassischen Determinanten des Gl\u00fccks.<\/span><\/strong><\/li>\n<li><strong><span style=\"font-size: 14pt; color: #0000ff;\">Gesellschaftliche Einfl\u00fcsse: Digitalisierung, Social Media, toxische Ideologien \u2013 Chancen und Gefahren f\u00fcr die Lebensqualit\u00e4t.<\/span><\/strong><\/li>\n<\/ul>\n<p style=\"text-align: left;\"><strong><span style=\"font-size: 14pt; color: #0000ff;\">Diese Veranstaltung ermutigt, eine v\u00f6llig individuelle \u201eSoftware f\u00fcr die Seele\u201c zu entwickeln und mit Disziplin wie auch mit gro\u00dfer Lebensfreude ein bewusstes und gl\u00fcckliches sowie sinnerf\u00fclltes Leben zu gestalten.<\/span><\/strong><\/p>\n<p style=\"text-align: center;\"><span style=\"color: #0000ff; font-size: 24pt;\"><strong>Auszug&nbsp;<\/strong><\/span><\/p>\n<p><img fetchpriority=\"high\" decoding=\"async\" class=\"alignnone size-full wp-image-1895\" src=\"http:\/\/brabeck.de\/wp-content\/uploads\/2025\/02\/Folie1-1.jpg\" alt=\"\" width=\"1280\" height=\"720\" srcset=\"https:\/\/brabeck.de\/wp-content\/uploads\/2025\/02\/Folie1-1.jpg 1280w, https:\/\/brabeck.de\/wp-content\/uploads\/2025\/02\/Folie1-1-300x169.jpg 300w, https:\/\/brabeck.de\/wp-content\/uploads\/2025\/02\/Folie1-1-1024x576.jpg 1024w, https:\/\/brabeck.de\/wp-content\/uploads\/2025\/02\/Folie1-1-768x432.jpg 768w\" sizes=\"(max-width: 1280px) 100vw, 1280px\" \/><\/p>\n<p><img decoding=\"async\" class=\"alignnone size-full wp-image-1896\" src=\"http:\/\/brabeck.de\/wp-content\/uploads\/2025\/02\/Folie2.jpg\" alt=\"\" width=\"1280\" height=\"720\" srcset=\"https:\/\/brabeck.de\/wp-content\/uploads\/2025\/02\/Folie2.jpg 1280w, https:\/\/brabeck.de\/wp-content\/uploads\/2025\/02\/Folie2-300x169.jpg 300w, https:\/\/brabeck.de\/wp-content\/uploads\/2025\/02\/Folie2-1024x576.jpg 1024w, https:\/\/brabeck.de\/wp-content\/uploads\/2025\/02\/Folie2-768x432.jpg 768w\" sizes=\"(max-width: 1280px) 100vw, 1280px\" \/><\/p>\n<p><img decoding=\"async\" class=\"alignnone size-full wp-image-1897\" src=\"http:\/\/brabeck.de\/wp-content\/uploads\/2025\/02\/Folie5.jpg\" alt=\"\" width=\"1280\" height=\"720\" srcset=\"https:\/\/brabeck.de\/wp-content\/uploads\/2025\/02\/Folie5.jpg 1280w, https:\/\/brabeck.de\/wp-content\/uploads\/2025\/02\/Folie5-300x169.jpg 300w, https:\/\/brabeck.de\/wp-content\/uploads\/2025\/02\/Folie5-1024x576.jpg 1024w, https:\/\/brabeck.de\/wp-content\/uploads\/2025\/02\/Folie5-768x432.jpg 768w\" sizes=\"(max-width: 1280px) 100vw, 1280px\" \/><\/p>\n<p><img loading=\"lazy\" decoding=\"async\" class=\"alignnone size-full wp-image-1898\" src=\"http:\/\/brabeck.de\/wp-content\/uploads\/2025\/02\/Folie7.jpg\" alt=\"\" width=\"1280\" height=\"720\" srcset=\"https:\/\/brabeck.de\/wp-content\/uploads\/2025\/02\/Folie7.jpg 1280w, https:\/\/brabeck.de\/wp-content\/uploads\/2025\/02\/Folie7-300x169.jpg 300w, https:\/\/brabeck.de\/wp-content\/uploads\/2025\/02\/Folie7-1024x576.jpg 1024w, https:\/\/brabeck.de\/wp-content\/uploads\/2025\/02\/Folie7-768x432.jpg 768w\" sizes=\"(max-width: 1280px) 100vw, 1280px\" \/><\/p>\n<p><img loading=\"lazy\" decoding=\"async\" class=\"alignnone size-full wp-image-1900\" src=\"http:\/\/brabeck.de\/wp-content\/uploads\/2025\/02\/Folie13.jpg\" alt=\"\" width=\"1280\" height=\"720\" srcset=\"https:\/\/brabeck.de\/wp-content\/uploads\/2025\/02\/Folie13.jpg 1280w, https:\/\/brabeck.de\/wp-content\/uploads\/2025\/02\/Folie13-300x169.jpg 300w, https:\/\/brabeck.de\/wp-content\/uploads\/2025\/02\/Folie13-1024x576.jpg 1024w, https:\/\/brabeck.de\/wp-content\/uploads\/2025\/02\/Folie13-768x432.jpg 768w\" sizes=\"(max-width: 1280px) 100vw, 1280px\" \/><\/p>\n<p><img loading=\"lazy\" decoding=\"async\" class=\"alignnone size-full wp-image-1901\" src=\"http:\/\/brabeck.de\/wp-content\/uploads\/2025\/02\/Folie15.jpg\" alt=\"\" width=\"1280\" height=\"720\" srcset=\"https:\/\/brabeck.de\/wp-content\/uploads\/2025\/02\/Folie15.jpg 1280w, https:\/\/brabeck.de\/wp-content\/uploads\/2025\/02\/Folie15-300x169.jpg 300w, https:\/\/brabeck.de\/wp-content\/uploads\/2025\/02\/Folie15-1024x576.jpg 1024w, https:\/\/brabeck.de\/wp-content\/uploads\/2025\/02\/Folie15-768x432.jpg 768w\" sizes=\"(max-width: 1280px) 100vw, 1280px\" \/><\/p>\n<p><img loading=\"lazy\" decoding=\"async\" class=\"alignnone size-full wp-image-1902\" src=\"http:\/\/brabeck.de\/wp-content\/uploads\/2025\/02\/Folie17.jpg\" alt=\"\" width=\"1280\" height=\"720\" srcset=\"https:\/\/brabeck.de\/wp-content\/uploads\/2025\/02\/Folie17.jpg 1280w, https:\/\/brabeck.de\/wp-content\/uploads\/2025\/02\/Folie17-300x169.jpg 300w, https:\/\/brabeck.de\/wp-content\/uploads\/2025\/02\/Folie17-1024x576.jpg 1024w, https:\/\/brabeck.de\/wp-content\/uploads\/2025\/02\/Folie17-768x432.jpg 768w\" sizes=\"(max-width: 1280px) 100vw, 1280px\" \/><\/p>\n<p><img loading=\"lazy\" decoding=\"async\" class=\"alignnone size-full wp-image-1903\" src=\"http:\/\/brabeck.de\/wp-content\/uploads\/2025\/02\/Folie19.jpg\" alt=\"\" width=\"1280\" height=\"720\" srcset=\"https:\/\/brabeck.de\/wp-content\/uploads\/2025\/02\/Folie19.jpg 1280w, https:\/\/brabeck.de\/wp-content\/uploads\/2025\/02\/Folie19-300x169.jpg 300w, https:\/\/brabeck.de\/wp-content\/uploads\/2025\/02\/Folie19-1024x576.jpg 1024w, https:\/\/brabeck.de\/wp-content\/uploads\/2025\/02\/Folie19-768x432.jpg 768w\" sizes=\"(max-width: 1280px) 100vw, 1280px\" \/><\/p>\n<p><img loading=\"lazy\" decoding=\"async\" class=\"alignnone size-full wp-image-1904\" src=\"http:\/\/brabeck.de\/wp-content\/uploads\/2025\/02\/Folie21.jpg\" alt=\"\" width=\"1280\" height=\"720\" srcset=\"https:\/\/brabeck.de\/wp-content\/uploads\/2025\/02\/Folie21.jpg 1280w, https:\/\/brabeck.de\/wp-content\/uploads\/2025\/02\/Folie21-300x169.jpg 300w, https:\/\/brabeck.de\/wp-content\/uploads\/2025\/02\/Folie21-1024x576.jpg 1024w, https:\/\/brabeck.de\/wp-content\/uploads\/2025\/02\/Folie21-768x432.jpg 768w\" sizes=\"(max-width: 1280px) 100vw, 1280px\" \/><\/p>\n<p><img loading=\"lazy\" decoding=\"async\" class=\"alignnone size-full wp-image-1905\" src=\"http:\/\/brabeck.de\/wp-content\/uploads\/2025\/02\/Folie26.jpg\" alt=\"\" width=\"1280\" height=\"720\" srcset=\"https:\/\/brabeck.de\/wp-content\/uploads\/2025\/02\/Folie26.jpg 1280w, https:\/\/brabeck.de\/wp-content\/uploads\/2025\/02\/Folie26-300x169.jpg 300w, https:\/\/brabeck.de\/wp-content\/uploads\/2025\/02\/Folie26-1024x576.jpg 1024w, https:\/\/brabeck.de\/wp-content\/uploads\/2025\/02\/Folie26-768x432.jpg 768w\" sizes=\"(max-width: 1280px) 100vw, 1280px\" \/><\/p>\n<p><img loading=\"lazy\" decoding=\"async\" class=\"alignnone size-full wp-image-1906\" src=\"http:\/\/brabeck.de\/wp-content\/uploads\/2025\/02\/Folie31.jpg\" alt=\"\" width=\"1280\" height=\"720\" srcset=\"https:\/\/brabeck.de\/wp-content\/uploads\/2025\/02\/Folie31.jpg 1280w, https:\/\/brabeck.de\/wp-content\/uploads\/2025\/02\/Folie31-300x169.jpg 300w, https:\/\/brabeck.de\/wp-content\/uploads\/2025\/02\/Folie31-1024x576.jpg 1024w, https:\/\/brabeck.de\/wp-content\/uploads\/2025\/02\/Folie31-768x432.jpg 768w\" sizes=\"(max-width: 1280px) 100vw, 1280px\" \/><\/p>\n<p><img loading=\"lazy\" decoding=\"async\" class=\"alignnone size-full wp-image-1907\" src=\"http:\/\/brabeck.de\/wp-content\/uploads\/2025\/02\/Folie36.jpg\" alt=\"\" width=\"1280\" height=\"720\" srcset=\"https:\/\/brabeck.de\/wp-content\/uploads\/2025\/02\/Folie36.jpg 1280w, https:\/\/brabeck.de\/wp-content\/uploads\/2025\/02\/Folie36-300x169.jpg 300w, https:\/\/brabeck.de\/wp-content\/uploads\/2025\/02\/Folie36-1024x576.jpg 1024w, https:\/\/brabeck.de\/wp-content\/uploads\/2025\/02\/Folie36-768x432.jpg 768w\" sizes=\"(max-width: 1280px) 100vw, 1280px\" \/><\/p>\n<p><img loading=\"lazy\" decoding=\"async\" class=\"alignnone size-full wp-image-1908\" src=\"http:\/\/brabeck.de\/wp-content\/uploads\/2025\/02\/Folie41.jpg\" alt=\"\" width=\"1280\" height=\"720\" srcset=\"https:\/\/brabeck.de\/wp-content\/uploads\/2025\/02\/Folie41.jpg 1280w, https:\/\/brabeck.de\/wp-content\/uploads\/2025\/02\/Folie41-300x169.jpg 300w, https:\/\/brabeck.de\/wp-content\/uploads\/2025\/02\/Folie41-1024x576.jpg 1024w, https:\/\/brabeck.de\/wp-content\/uploads\/2025\/02\/Folie41-768x432.jpg 768w\" sizes=\"(max-width: 1280px) 100vw, 1280px\" \/><\/p>\n<p><img loading=\"lazy\" decoding=\"async\" class=\"alignnone size-full wp-image-1909\" src=\"http:\/\/brabeck.de\/wp-content\/uploads\/2025\/02\/Folie42.jpg\" alt=\"\" width=\"1280\" height=\"720\" srcset=\"https:\/\/brabeck.de\/wp-content\/uploads\/2025\/02\/Folie42.jpg 1280w, https:\/\/brabeck.de\/wp-content\/uploads\/2025\/02\/Folie42-300x169.jpg 300w, https:\/\/brabeck.de\/wp-content\/uploads\/2025\/02\/Folie42-1024x576.jpg 1024w, https:\/\/brabeck.de\/wp-content\/uploads\/2025\/02\/Folie42-768x432.jpg 768w\" sizes=\"(max-width: 1280px) 100vw, 1280px\" \/><\/p>\n<p><img loading=\"lazy\" decoding=\"async\" class=\"alignnone size-full wp-image-1910\" src=\"http:\/\/brabeck.de\/wp-content\/uploads\/2025\/02\/Folie56.jpg\" alt=\"\" width=\"1280\" height=\"720\" srcset=\"https:\/\/brabeck.de\/wp-content\/uploads\/2025\/02\/Folie56.jpg 1280w, https:\/\/brabeck.de\/wp-content\/uploads\/2025\/02\/Folie56-300x169.jpg 300w, https:\/\/brabeck.de\/wp-content\/uploads\/2025\/02\/Folie56-1024x576.jpg 1024w, https:\/\/brabeck.de\/wp-content\/uploads\/2025\/02\/Folie56-768x432.jpg 768w\" sizes=\"(max-width: 1280px) 100vw, 1280px\" \/><\/p>\n<p><img loading=\"lazy\" decoding=\"async\" class=\"alignnone size-full wp-image-1911\" src=\"http:\/\/brabeck.de\/wp-content\/uploads\/2025\/02\/Folie58.jpg\" alt=\"\" width=\"1280\" height=\"720\" srcset=\"https:\/\/brabeck.de\/wp-content\/uploads\/2025\/02\/Folie58.jpg 1280w, https:\/\/brabeck.de\/wp-content\/uploads\/2025\/02\/Folie58-300x169.jpg 300w, https:\/\/brabeck.de\/wp-content\/uploads\/2025\/02\/Folie58-1024x576.jpg 1024w, https:\/\/brabeck.de\/wp-content\/uploads\/2025\/02\/Folie58-768x432.jpg 768w\" sizes=\"(max-width: 1280px) 100vw, 1280px\" \/><\/p>\n<p><img loading=\"lazy\" decoding=\"async\" class=\"alignnone size-full wp-image-1912\" src=\"http:\/\/brabeck.de\/wp-content\/uploads\/2025\/02\/Folie60.jpg\" alt=\"\" width=\"1280\" height=\"720\" srcset=\"https:\/\/brabeck.de\/wp-content\/uploads\/2025\/02\/Folie60.jpg 1280w, https:\/\/brabeck.de\/wp-content\/uploads\/2025\/02\/Folie60-300x169.jpg 300w, https:\/\/brabeck.de\/wp-content\/uploads\/2025\/02\/Folie60-1024x576.jpg 1024w, https:\/\/brabeck.de\/wp-content\/uploads\/2025\/02\/Folie60-768x432.jpg 768w\" sizes=\"(max-width: 1280px) 100vw, 1280px\" \/><\/p>\n<p style=\"text-align: center;\"><span style=\"color: #0000ff; font-size: 24pt;\"><strong>&nbsp;<\/strong><\/span><\/p>\n<p style=\"text-align: center;\"><span style=\"color: #0000ff; font-size: 24pt;\"><strong>2. GRUNDLAGEN-VORTR\u00c4GE<br><\/strong><\/span><strong style=\"color: #0000ff; font-size: 24pt;\">Inhalte&nbsp;<\/strong><\/p>\n<p><img loading=\"lazy\" decoding=\"async\" class=\"alignnone size-full wp-image-1930\" src=\"http:\/\/brabeck.de\/wp-content\/uploads\/2025\/02\/Folie1-2.jpg\" alt=\"\" width=\"1280\" height=\"720\" srcset=\"https:\/\/brabeck.de\/wp-content\/uploads\/2025\/02\/Folie1-2.jpg 1280w, https:\/\/brabeck.de\/wp-content\/uploads\/2025\/02\/Folie1-2-300x169.jpg 300w, https:\/\/brabeck.de\/wp-content\/uploads\/2025\/02\/Folie1-2-1024x576.jpg 1024w, https:\/\/brabeck.de\/wp-content\/uploads\/2025\/02\/Folie1-2-768x432.jpg 768w\" sizes=\"(max-width: 1280px) 100vw, 1280px\" \/><\/p>\n<p><img loading=\"lazy\" decoding=\"async\" class=\"alignnone size-full wp-image-1931\" src=\"http:\/\/brabeck.de\/wp-content\/uploads\/2025\/02\/Folie2-1.jpg\" alt=\"\" width=\"1280\" height=\"720\" srcset=\"https:\/\/brabeck.de\/wp-content\/uploads\/2025\/02\/Folie2-1.jpg 1280w, https:\/\/brabeck.de\/wp-content\/uploads\/2025\/02\/Folie2-1-300x169.jpg 300w, https:\/\/brabeck.de\/wp-content\/uploads\/2025\/02\/Folie2-1-1024x576.jpg 1024w, https:\/\/brabeck.de\/wp-content\/uploads\/2025\/02\/Folie2-1-768x432.jpg 768w\" sizes=\"(max-width: 1280px) 100vw, 1280px\" \/><\/p>\n<p><img loading=\"lazy\" decoding=\"async\" class=\"alignnone size-full wp-image-1952\" src=\"http:\/\/brabeck.de\/wp-content\/uploads\/2025\/02\/Folie3.png\" alt=\"\" width=\"1280\" height=\"720\" srcset=\"https:\/\/brabeck.de\/wp-content\/uploads\/2025\/02\/Folie3.png 1280w, https:\/\/brabeck.de\/wp-content\/uploads\/2025\/02\/Folie3-300x169.png 300w, https:\/\/brabeck.de\/wp-content\/uploads\/2025\/02\/Folie3-1024x576.png 1024w, https:\/\/brabeck.de\/wp-content\/uploads\/2025\/02\/Folie3-768x432.png 768w\" sizes=\"(max-width: 1280px) 100vw, 1280px\" \/><\/p>\n<p><strong><span style=\"font-size: 18pt; color: #0000ff;\">Literatur zum Einlesen: BASICS-20 bis BASICS-25<\/span><\/strong><\/p>\t\t\t\t\t\t\t\t<\/div>\n\t\t\t\t<\/div>\n\t\t\t\t\t<\/div>\n\t\t<\/div>\n\t\t\t\t\t<\/div>\n\t\t<\/section>\n\t\t\t\t<\/div>\n\t\t","protected":false},"excerpt":{"rendered":"<p>1. COMPACT-VORTR\u00c4GE Unser Anspruch: Die Kunst des guten Lebens systematisch zu beleuchten. Diese Veranstaltung verkn\u00fcpft wissenschaftliche Erkenntnisse aus Psychologie, Medizin,&hellip;<\/p>\n","protected":false},"author":1,"featured_media":0,"parent":0,"menu_order":0,"comment_status":"closed","ping_status":"closed","template":"","meta":{"footnotes":""},"class_list":["post-645","page","type-page","status-publish","hentry"],"featured_image_src":null,"featured_image_src_square":null,"_links":{"self":[{"href":"https:\/\/brabeck.de\/index.php?rest_route=\/wp\/v2\/pages\/645","targetHints":{"allow":["GET"]}}],"collection":[{"href":"https:\/\/brabeck.de\/index.php?rest_route=\/wp\/v2\/pages"}],"about":[{"href":"https:\/\/brabeck.de\/index.php?rest_route=\/wp\/v2\/types\/page"}],"author":[{"embeddable":true,"href":"https:\/\/brabeck.de\/index.php?rest_route=\/wp\/v2\/users\/1"}],"replies":[{"embeddable":true,"href":"https:\/\/brabeck.de\/index.php?rest_route=%2Fwp%2Fv2%2Fcomments&post=645"}],"version-history":[{"count":207,"href":"https:\/\/brabeck.de\/index.php?rest_route=\/wp\/v2\/pages\/645\/revisions"}],"predecessor-version":[{"id":2376,"href":"https:\/\/brabeck.de\/index.php?rest_route=\/wp\/v2\/pages\/645\/revisions\/2376"}],"wp:attachment":[{"href":"https:\/\/brabeck.de\/index.php?rest_route=%2Fwp%2Fv2%2Fmedia&parent=645"}],"curies":[{"name":"wp","href":"https:\/\/api.w.org\/{rel}","templated":true}]}}